{"id":310,"date":"2024-07-02T14:53:39","date_gmt":"2024-07-02T06:53:39","guid":{"rendered":"https:\/\/ineoguard.com\/protezione-dalle-radiazioni\/"},"modified":"2024-08-15T13:39:22","modified_gmt":"2024-08-15T05:39:22","slug":"protezione-dalle-radiazioni","status":"publish","type":"page","link":"https:\/\/ineoguard.com\/it\/protezione-dalle-radiazioni\/","title":{"rendered":"Protezione dalle radiazioni"},"content":{"rendered":"\t\t<div data-elementor-type=\"wp-page\" data-elementor-id=\"310\" class=\"elementor elementor-310 elementor-100\" data-elementor-post-type=\"page\">\n\t\t\t\t<div class=\"elementor-element elementor-element-7b3194b e-flex e-con-boxed e-con e-parent\" data-id=\"7b3194b\" data-element_type=\"container\" data-e-type=\"container\" data-settings=\"{&quot;background_background&quot;:&quot;classic&quot;}\">\n\t\t\t\t\t<div class=\"e-con-inner\">\n\t\t<div class=\"elementor-element elementor-element-da86095 e-con-full e-flex e-con e-child\" data-id=\"da86095\" data-element_type=\"container\" data-e-type=\"container\">\n\t\t\t\t<div class=\"elementor-element elementor-element-7f98f9b elementor-widget elementor-widget-heading\" data-id=\"7f98f9b\" data-element_type=\"widget\" data-e-type=\"widget\" data-widget_type=\"heading.default\">\n\t\t\t\t<div class=\"elementor-widget-container\">\n\t\t\t\t\t<h2 class=\"elementor-heading-title elementor-size-default\">PROTEZIONE DALLE RADIAZIONI<\/h2>\t\t\t\t<\/div>\n\t\t\t\t<\/div>\n\t\t\t\t<\/div>\n\t\t\t\t\t<\/div>\n\t\t\t\t<\/div>\n\t\t<div class=\"elementor-element elementor-element-93c6c2f e-con-full e-flex e-con e-parent\" data-id=\"93c6c2f\" data-element_type=\"container\" data-e-type=\"container\" data-settings=\"{&quot;background_background&quot;:&quot;classic&quot;}\">\n\t\t\t\t<div class=\"elementor-element elementor-element-317d931 elementor-view-default elementor-widget elementor-widget-icon\" data-id=\"317d931\" data-element_type=\"widget\" data-e-type=\"widget\" data-widget_type=\"icon.default\">\n\t\t\t\t<div class=\"elementor-widget-container\">\n\t\t\t\t\t\t\t<div class=\"elementor-icon-wrapper\">\n\t\t\t<div class=\"elementor-icon\">\n\t\t\t<svg aria-hidden=\"true\" class=\"e-font-icon-svg e-fas-quote-left\" viewBox=\"0 0 512 512\" xmlns=\"http:\/\/www.w3.org\/2000\/svg\"><path d=\"M464 256h-80v-64c0-35.3 28.7-64 64-64h8c13.3 0 24-10.7 24-24V56c0-13.3-10.7-24-24-24h-8c-88.4 0-160 71.6-160 160v240c0 26.5 21.5 48 48 48h128c26.5 0 48-21.5 48-48V304c0-26.5-21.5-48-48-48zm-288 0H96v-64c0-35.3 28.7-64 64-64h8c13.3 0 24-10.7 24-24V56c0-13.3-10.7-24-24-24h-8C71.6 32 0 103.6 0 192v240c0 26.5 21.5 48 48 48h128c26.5 0 48-21.5 48-48V304c0-26.5-21.5-48-48-48z\"><\/path><\/svg>\t\t\t<\/div>\n\t\t<\/div>\n\t\t\t\t\t\t<\/div>\n\t\t\t\t<\/div>\n\t\t\t\t<div class=\"elementor-element elementor-element-cd9aab3 elementor-widget elementor-widget-heading\" data-id=\"cd9aab3\" data-element_type=\"widget\" data-e-type=\"widget\" data-widget_type=\"heading.default\">\n\t\t\t\t<div class=\"elementor-widget-container\">\n\t\t\t\t\t<h2 class=\"elementor-heading-title elementor-size-default\">Per quanto riguarda l'esposizione alle radiazioni, le mani del chirurgo rimangono la parte del corpo pi\u00f9 esposta. <\/h2>\t\t\t\t<\/div>\n\t\t\t\t<\/div>\n\t\t\t\t<\/div>\n\t\t<div class=\"elementor-element elementor-element-8d024b7 e-con-full e-flex e-con e-parent\" data-id=\"8d024b7\" data-element_type=\"container\" data-e-type=\"container\">\n\t\t\t\t<div class=\"elementor-element elementor-element-5279965 elementor-widget elementor-widget-heading\" data-id=\"5279965\" data-element_type=\"widget\" data-e-type=\"widget\" data-widget_type=\"heading.default\">\n\t\t\t\t<div class=\"elementor-widget-container\">\n\t\t\t\t\t<h2 class=\"elementor-heading-title elementor-size-default\">Il passaggio ai guanti chirurgici senza piombo ad attenuazione delle radiazioni <\/h2>\t\t\t\t<\/div>\n\t\t\t\t<\/div>\n\t\t<div class=\"elementor-element elementor-element-5507127 e-con-full e-flex e-con e-child\" data-id=\"5507127\" data-element_type=\"container\" data-e-type=\"container\">\n\t\t<div class=\"elementor-element elementor-element-098485f e-con-full e-flex e-con e-child\" data-id=\"098485f\" data-element_type=\"container\" data-e-type=\"container\">\n\t\t\t\t<div class=\"elementor-element elementor-element-042b9cb elementor-widget elementor-widget-image\" data-id=\"042b9cb\" data-element_type=\"widget\" data-e-type=\"widget\" data-widget_type=\"image.default\">\n\t\t\t\t<div class=\"elementor-widget-container\">\n\t\t\t\t\t\t\t\t\t\t\t\t\t\t\t<img decoding=\"async\" src=\"https:\/\/ineoguard.com\/wp-content\/uploads\/elementor\/thumbs\/Image-3-scaled-1.jpg-qqi8yfh4t9i76urwetmn0loegl0l6cotjd1qqucp88.webp\" title=\"Female surgeon wearing surgical mask in operating room of hospital\" alt=\"Rear view of Caucasian female surgeon putting her surgical mask in operating room at hospital. Shot in real medical hospital with doctors nurses and surgeons in authentic setting\" loading=\"lazy\" \/>\t\t\t\t\t\t\t\t\t\t\t\t\t\t\t<\/div>\n\t\t\t\t<\/div>\n\t\t\t\t<\/div>\n\t\t<div class=\"elementor-element elementor-element-452b30b e-con-full e-flex e-con e-child\" data-id=\"452b30b\" data-element_type=\"container\" data-e-type=\"container\">\n\t\t\t\t<div class=\"elementor-element elementor-element-4c0d1ea elementor-widget elementor-widget-heading\" data-id=\"4c0d1ea\" data-element_type=\"widget\" data-e-type=\"widget\" data-widget_type=\"heading.default\">\n\t\t\t\t<div class=\"elementor-widget-container\">\n\t\t\t\t\t<h2 class=\"elementor-heading-title elementor-size-default\">Esposizione alle radiazioni<\/h2>\t\t\t\t<\/div>\n\t\t\t\t<\/div>\n\t\t\t\t<div class=\"elementor-element elementor-element-217cdba elementor-widget elementor-widget-text-editor\" data-id=\"217cdba\" data-element_type=\"widget\" data-e-type=\"widget\" data-widget_type=\"text-editor.default\">\n\t\t\t\t<div class=\"elementor-widget-container\">\n\t\t\t\t\t\t\t\t\t<p>Le procedure di radiologia interventistica comportano un rischio intrinseco di esposizione alle radiazioni sia per i pazienti che per i medici. Durante le radiografie, gran parte delle radiazioni viene dispersa dal corpo del paziente, esponendo il personale medico vicino a dosi significative.<\/p>\n\t\t\t\t\t\t\t\t<\/div>\n\t\t\t\t<\/div>\n\t\t\t\t<\/div>\n\t\t\t\t<\/div>\n\t\t<div class=\"elementor-element elementor-element-3e216ba e-con-full e-flex e-con e-child\" data-id=\"3e216ba\" data-element_type=\"container\" data-e-type=\"container\">\n\t\t<div class=\"elementor-element elementor-element-4a90e97 e-con-full e-flex e-con e-child\" data-id=\"4a90e97\" data-element_type=\"container\" data-e-type=\"container\">\n\t\t\t\t<div class=\"elementor-element elementor-element-921f746 elementor-widget elementor-widget-image\" data-id=\"921f746\" data-element_type=\"widget\" data-e-type=\"widget\" data-widget_type=\"image.default\">\n\t\t\t\t<div class=\"elementor-widget-container\">\n\t\t\t\t\t\t\t\t\t\t\t\t\t\t\t<img decoding=\"async\" src=\"https:\/\/ineoguard.com\/wp-content\/uploads\/elementor\/thumbs\/Image-5-scaled-2.jpg-qqi96bce58asl3bkd8byxm1luy5fqxzrae2doent14.webp\" title=\"Sterilized and ready for use\" alt=\"Shot of a tray of surgical equipment in an operating theatre\" loading=\"lazy\" \/>\t\t\t\t\t\t\t\t\t\t\t\t\t\t\t<\/div>\n\t\t\t\t<\/div>\n\t\t\t\t<\/div>\n\t\t<div class=\"elementor-element elementor-element-f937981 e-con-full e-flex e-con e-child\" data-id=\"f937981\" data-element_type=\"container\" data-e-type=\"container\">\n\t\t\t\t<div class=\"elementor-element elementor-element-71ebc06 elementor-widget elementor-widget-heading\" data-id=\"71ebc06\" data-element_type=\"widget\" data-e-type=\"widget\" data-widget_type=\"heading.default\">\n\t\t\t\t<div class=\"elementor-widget-container\">\n\t\t\t\t\t<h2 class=\"elementor-heading-title elementor-size-default\">Esposizione alle radiazioni sulle mani<\/h2>\t\t\t\t<\/div>\n\t\t\t\t<\/div>\n\t\t\t\t<div class=\"elementor-element elementor-element-71d195f elementor-widget elementor-widget-text-editor\" data-id=\"71d195f\" data-element_type=\"widget\" data-e-type=\"widget\" data-widget_type=\"text-editor.default\">\n\t\t\t\t<div class=\"elementor-widget-container\">\n\t\t\t\t\t\t\t\t\t<p>Nella maggior parte degli interventi chirurgici assistiti da fluoroscopia, le mani del chirurgo presentano il rischio maggiore di esposizione a causa della loro costante vicinanza al paziente. Proteggere le mani dalle radiazioni \u00e8 una sfida. I dispositivi di protezione individuale che attenuano le radiazioni, come i guanti chirurgici, sono stati sviluppati per ridurre l&#8217;esposizione delle mani alle radiazioni.<\/p>\n\t\t\t\t\t\t\t\t<\/div>\n\t\t\t\t<\/div>\n\t\t\t\t<\/div>\n\t\t\t\t<\/div>\n\t\t<div class=\"elementor-element elementor-element-503b076 e-con-full e-flex e-con e-child\" data-id=\"503b076\" data-element_type=\"container\" data-e-type=\"container\">\n\t\t<div class=\"elementor-element elementor-element-11f49fa e-con-full e-flex e-con e-child\" data-id=\"11f49fa\" data-element_type=\"container\" data-e-type=\"container\">\n\t\t\t\t<div class=\"elementor-element elementor-element-9a8479b elementor-widget elementor-widget-image\" data-id=\"9a8479b\" data-element_type=\"widget\" data-e-type=\"widget\" data-widget_type=\"image.default\">\n\t\t\t\t<div class=\"elementor-widget-container\">\n\t\t\t\t\t\t\t\t\t\t\t\t\t\t\t<img decoding=\"async\" src=\"https:\/\/ineoguard.com\/wp-content\/uploads\/elementor\/thumbs\/Image-7-scaled-1.jpg-qqi99e9cjoimn2ugdk9y3u1zyeyqz8831n1ob23cmw.webp\" title=\"Putting their skills to good use\" alt=\"Shot of a team of surgeons performing a surgery in an operating room\" loading=\"lazy\" \/>\t\t\t\t\t\t\t\t\t\t\t\t\t\t\t<\/div>\n\t\t\t\t<\/div>\n\t\t\t\t<\/div>\n\t\t<div class=\"elementor-element elementor-element-948ffa3 e-con-full e-flex e-con e-child\" data-id=\"948ffa3\" data-element_type=\"container\" data-e-type=\"container\">\n\t\t\t\t<div class=\"elementor-element elementor-element-df1c49a elementor-widget elementor-widget-heading\" data-id=\"df1c49a\" data-element_type=\"widget\" data-e-type=\"widget\" data-widget_type=\"heading.default\">\n\t\t\t\t<div class=\"elementor-widget-container\">\n\t\t\t\t\t<h2 class=\"elementor-heading-title elementor-size-default\">Guanti chirurgici senza piombo e senza lattice per l'attenuazione delle radiazioni <\/h2>\t\t\t\t<\/div>\n\t\t\t\t<\/div>\n\t\t\t\t<\/div>\n\t\t\t\t<\/div>\n\t\t<div class=\"elementor-element elementor-element-55679a3 e-con-full e-flex e-con e-child\" data-id=\"55679a3\" data-element_type=\"container\" data-e-type=\"container\">\n\t\t<div class=\"elementor-element elementor-element-c1ec5c0 e-con-full e-flex e-con e-child\" data-id=\"c1ec5c0\" data-element_type=\"container\" data-e-type=\"container\">\n\t\t\t\t<div class=\"elementor-element elementor-element-ade2327 elementor-widget elementor-widget-image\" data-id=\"ade2327\" data-element_type=\"widget\" data-e-type=\"widget\" data-widget_type=\"image.default\">\n\t\t\t\t<div class=\"elementor-widget-container\">\n\t\t\t\t\t\t\t\t\t\t\t\t\t\t\t<img decoding=\"async\" src=\"https:\/\/ineoguard.com\/wp-content\/uploads\/elementor\/thumbs\/Image-13.jpg-qqi9b8zw0x1zje5ijv4giv7q4rtt5ql0ytd5dpced4.webp\" title=\"gloves on operation room\" alt=\"gloves on operation room\" loading=\"lazy\" \/>\t\t\t\t\t\t\t\t\t\t\t\t\t\t\t<\/div>\n\t\t\t\t<\/div>\n\t\t\t\t<\/div>\n\t\t<div class=\"elementor-element elementor-element-25f4109 e-con-full e-flex e-con e-child\" data-id=\"25f4109\" data-element_type=\"container\" data-e-type=\"container\">\n\t\t\t\t<div class=\"elementor-element elementor-element-e37cead elementor-widget elementor-widget-heading\" data-id=\"e37cead\" data-element_type=\"widget\" data-e-type=\"widget\" data-widget_type=\"heading.default\">\n\t\t\t\t<div class=\"elementor-widget-container\">\n\t\t\t\t\t<h2 class=\"elementor-heading-title elementor-size-default\">Protezione dalle radiazioni<\/h2>\t\t\t\t<\/div>\n\t\t\t\t<\/div>\n\t\t\t\t<div class=\"elementor-element elementor-element-bd020ef elementor-widget elementor-widget-text-editor\" data-id=\"bd020ef\" data-element_type=\"widget\" data-e-type=\"widget\" data-widget_type=\"text-editor.default\">\n\t\t\t\t<div class=\"elementor-widget-container\">\n\t\t\t\t\t\t\t\t\t<p>La tossicit\u00e0 del piombo e il suo impatto ambientale hanno spinto a passare a guanti chirurgici che attenuano le radiazioni senza piombo. Il tungsteno, con una densit\u00e0 superiore a quella del piombo e del bismuto, \u00e8 l&#8217;alternativa pi\u00f9 promettente. Abbinati a materiali elastomerici morbidi, come il poliisoprene, i guanti in lega di tungsteno offrono la migliore combinazione di destrezza, comfort e protezione dalle radiazioni.<\/p>\n\t\t\t\t\t\t\t\t<\/div>\n\t\t\t\t<\/div>\n\t\t\t\t<\/div>\n\t\t\t\t<\/div>\n\t\t\t\t<\/div>\n\t\t\t\t<\/div>\n\t\t","protected":false},"excerpt":{"rendered":"<p>PROTEZIONE DALLE RADIAZIONI Per quanto riguarda l&#8217;esposizione alle radiazioni, le mani del chirurgo rimangono la parte del corpo pi\u00f9 esposta. Il passaggio ai guanti chirurgici senza piombo ad attenuazione delle radiazioni Esposizione alle radiazioni Le procedure di radiologia interventistica comportano un rischio intrinseco di esposizione alle radiazioni sia per i pazienti che per i medici. [&hellip;]<\/p>\n","protected":false},"author":1,"featured_media":0,"parent":0,"menu_order":0,"comment_status":"closed","ping_status":"closed","template":"elementor_header_footer","meta":{"footnotes":""},"class_list":["post-310","page","type-page","status-publish","hentry"],"_links":{"self":[{"href":"https:\/\/ineoguard.com\/it\/wp-json\/wp\/v2\/pages\/310","targetHints":{"allow":["GET"]}}],"collection":[{"href":"https:\/\/ineoguard.com\/it\/wp-json\/wp\/v2\/pages"}],"about":[{"href":"https:\/\/ineoguard.com\/it\/wp-json\/wp\/v2\/types\/page"}],"author":[{"embeddable":true,"href":"https:\/\/ineoguard.com\/it\/wp-json\/wp\/v2\/users\/1"}],"replies":[{"embeddable":true,"href":"https:\/\/ineoguard.com\/it\/wp-json\/wp\/v2\/comments?post=310"}],"version-history":[{"count":5,"href":"https:\/\/ineoguard.com\/it\/wp-json\/wp\/v2\/pages\/310\/revisions"}],"predecessor-version":[{"id":370,"href":"https:\/\/ineoguard.com\/it\/wp-json\/wp\/v2\/pages\/310\/revisions\/370"}],"wp:attachment":[{"href":"https:\/\/ineoguard.com\/it\/wp-json\/wp\/v2\/media?parent=310"}],"curies":[{"name":"wp","href":"https:\/\/api.w.org\/{rel}","templated":true}]}}